{"id":52,"date":"2016-01-10T10:28:21","date_gmt":"2016-01-10T10:28:21","guid":{"rendered":"http:\/\/thomann-consulting.com\/?page_id=52"},"modified":"2018-11-09T17:46:10","modified_gmt":"2018-11-09T17:46:10","slug":"referenzen","status":"publish","type":"page","link":"https:\/\/thomann-consulting.com\/de\/referenzen\/","title":{"rendered":"Referenzen"},"content":{"rendered":"<h3>Destillationsanlagen f\u00fcr \u00e4therische \u00d6le<\/h3>\n<ul>\n<li>Design, Realisation und Nutzung von Anlagen unterschiedlicher Dimension und Zielstellung<\/li>\n<li>Technikumsanalgen (<a href=\"http:\/\/thomann-consulting.com\/wp-content\/uploads\/2016\/01\/Destille-Stahl.jpg\">Stahl<\/a> und <a href=\"http:\/\/thomann-consulting.com\/wp-content\/uploads\/2016\/01\/Glasdesille-Verkauf.jpg\">Glas<\/a>)<\/li>\n<li>Produktionsanlagen (<a href=\"http:\/\/thomann-consulting.com\/wp-content\/uploads\/2016\/01\/Destille-Hedersleben-Feld.png\">mobil<\/a> und <a href=\"http:\/\/thomann-consulting.com\/wp-content\/uploads\/2016\/01\/Br\u00fcndel.jpg\">station\u00e4r<\/a>)<\/li>\n<li>Schau- und Demonstrationsanlagen (historisierend) f\u00fcr Wellnessbereiche in Thermen (<a href=\"http:\/\/thomann-consulting.com\/wp-content\/uploads\/2016\/01\/Destille-Burg.jpg\">Spreewald<em>&#8211;<\/em>Therme<\/a>, <a href=\"http:\/\/thomann-consulting.com\/wp-content\/uploads\/2016\/01\/Destille-Baden-Baden.jpg\">Caracalla-Therme Baden-Baden<\/a>)<em><br \/>\n<\/em><\/li>\n<\/ul>\n<h3>Forschungs- und Entwicklungsprojekte mit Ralph Thomann in verantwortlicher Position (Auswahl)<\/h3>\n<h4>-national<\/h4>\n<ul>\n<li><a href=\"http:\/\/www.nutriact.de\/\">\u00a0LeguAN \u201eLeguminosen Anbau und Nutzung, insbesondere Erbsen\u201c (BLE) \u2022 NutriAct \u201cForschungscluster zur Ern\u00e4hrung f\u00fcr gesundes Altern\u201d (BMBF) <\/a><\/li>\n<li>REPHYNA \u201eNutzung von Koppelprodukten der Verarbeitung pflanzlicher Rohstoffe\u201c (BMBF)<\/li>\n<li>Unterdr\u00fcckung der Syn\u00e4rese von Speisesenf (FEI)<\/li>\n<li><a href=\"https:\/\/www.dbu.de\/projekt_08169\/01_db_2409.html\">nat\u00fcrliche Holzschutzmittel auf Basis \u00e4therischer \u00d6le (DBU)<\/a><\/li>\n<li>effiziente Bioethanolproduktion durch thermische Trebernutzung der Getreideschlempe (FNR)<\/li>\n<li>Sanddornverarbeitung<\/li>\n<li>Topinamburverarbeitung<\/li>\n<li>Reststoffverwertung (\u00d6lsaaten, Kr\u00e4uter, Trester)<\/li>\n<li>Tierfutter, funktionalisiert<\/li>\n<\/ul>\n<h4>-international<\/h4>\n<ul>\n<li><a href=\"http:\/\/www.cordis.europa.eu\/project\/rcn\/69626_pl.html\">Leinsaat und Lignane (EU)<\/a><\/li>\n<li><a href=\"https:\/\/www.healthgrain.org\/\">HEALTHGRAIN (EU) <\/a><\/li>\n<li><a href=\"http:\/\/www.euapropos.eu\/\">APROPOS Nutzung protein- und fettreicher Koppelprodukte (Fisch, Raps, Senf) (EU + Indien)<\/a><\/li>\n<li><a href=\"https:\/\/www.cordis.europa.eu\/result\/rcn\/58323_en.html\">DEMYBE Pflanzenfasern als Substitut f\u00fcr Kieselghur in Filtersystemen (EU) <\/a><\/li>\n<li>Gew\u00fcrzkonzentrate (UdSSR)<\/li>\n<li>Roggenverzuckerung (Russland)<\/li>\n<li>Erosionsschutzplatten (Madagaskar, China)<\/li>\n<\/ul>\n<h4>Consulting, international<\/h4>\n<ul>\n<li>Umsetzung des HACCP Konzeptes in 8 Gew\u00fcrzverarbeitungsbetrieben in \u00c4gypten<\/li>\n<li>Aufbau und Inbetriebnahme eines Laboratoriums f\u00fcr \u00e4therische \u00d6le im Auftrag der UNIDO (Essential Oil Research Center) PEORC in Pj\u00f6ngjang, Nord-Korea<\/li>\n<li>Beratung von KMU der Lebensmittelproduktion in S\u00fcdafrika<\/li>\n<li>RoadShow f\u00fcr Investoren zu \u201cfunctional food in Germany\u201d von \u201eInvest in Germany\u201c in Japan<\/li>\n<\/ul>\n<h4>Seifenanlage<\/h4>\n<ul>\n<li><a href=\"http:\/\/thomann-consulting.com\/wp-content\/uploads\/2016\/01\/IGW-Seife-klein.png\">Schau- und Demonstrationsanlage<\/a> zur Konfektionierung von Feinseife<\/li>\n<\/ul>\n","protected":false},"excerpt":{"rendered":"<p>Destillationsanlagen f\u00fcr \u00e4therische \u00d6le Design, Realisation und Nutzung von Anlagen unterschiedlicher Dimension und Zielstellung Technikumsanalgen (Stahl und Glas) Produktionsanlagen (mobil und station\u00e4r) Schau- und Demonstrationsanlagen (historisierend) f\u00fcr Wellnessbereiche in Thermen (Spreewald&#8211;Therme, Caracalla-Therme Baden-Baden) Forschungs- und Entwicklungsprojekte mit Ralph Thomann in verantwortlicher Position (Auswahl) -national \u00a0LeguAN \u201eLeguminosen Anbau und Nutzung, insbesondere Erbsen\u201c (BLE) \u2022 NutriAct \u201cForschungscluster [&hellip;]<\/p>\n","protected":false},"author":1,"featured_media":0,"parent":0,"menu_order":3,"comment_status":"closed","ping_status":"closed","template":"","meta":{"hide_page_title":"","footnotes":""},"class_list":["post-52","page","type-page","status-publish","hentry"],"translation":{"provider":"WPGlobus","version":"3.0.2","language":"de","enabled_languages":["en","de"],"languages":{"en":{"title":true,"content":true,"excerpt":false},"de":{"title":true,"content":true,"excerpt":false}}},"_links":{"self":[{"href":"https:\/\/thomann-consulting.com\/de\/wp-json\/wp\/v2\/pages\/52","targetHints":{"allow":["GET"]}}],"collection":[{"href":"https:\/\/thomann-consulting.com\/de\/wp-json\/wp\/v2\/pages"}],"about":[{"href":"https:\/\/thomann-consulting.com\/de\/wp-json\/wp\/v2\/types\/page"}],"author":[{"embeddable":true,"href":"https:\/\/thomann-consulting.com\/de\/wp-json\/wp\/v2\/users\/1"}],"replies":[{"embeddable":true,"href":"https:\/\/thomann-consulting.com\/de\/wp-json\/wp\/v2\/comments?post=52"}],"version-history":[{"count":38,"href":"https:\/\/thomann-consulting.com\/de\/wp-json\/wp\/v2\/pages\/52\/revisions"}],"predecessor-version":[{"id":351,"href":"https:\/\/thomann-consulting.com\/de\/wp-json\/wp\/v2\/pages\/52\/revisions\/351"}],"wp:attachment":[{"href":"https:\/\/thomann-consulting.com\/de\/wp-json\/wp\/v2\/media?parent=52"}],"curies":[{"name":"wp","href":"https:\/\/api.w.org\/{rel}","templated":true}]}}