{"id":43,"date":"2016-01-10T09:50:22","date_gmt":"2016-01-10T09:50:22","guid":{"rendered":"http:\/\/thomann-consulting.com\/?page_id=43"},"modified":"2018-11-09T15:41:06","modified_gmt":"2018-11-09T15:41:06","slug":"branchenleistungen","status":"publish","type":"page","link":"https:\/\/thomann-consulting.com\/de\/branchenleistungen\/","title":{"rendered":"Leistungen"},"content":{"rendered":"<p>Thomann-Consulting unterst\u00fctzt mit erworbenen Kenntnissen und Erfahrungen<\/p>\n<ul>\n<li>Erzeuger landwirtschaftlicher Produkte<\/li>\n<li>Verarbeiter pflanzlicher Rohstoffe<\/li>\n<\/ul>\n<p>besondere Schwerpunkte sind:<\/p>\n<ul>\n<li>Kr\u00e4uter, Gew\u00fcrze, Heilpflanzen<\/li>\n<li>Sonderkulturen, Wirkstoffpflanzen (z.B. Beeren, Inulinpflanzen, Leinsaat)<\/li>\n<li>Gewinnung und Nutzung \u00e4therischer \u00d6le<\/li>\n<li>Proteinpflanzen<\/li>\n<li>Getreide, Getreideprodukte, Cerealien, Getreideanalytik<\/li>\n<li>functional food<\/li>\n<li>Seifenherstellung<\/li>\n<\/ul>\n<p>Forschungs- und Entwicklungsabteilungen von Unternehmen, Instituten, Universit\u00e4ten und Hochschulen, NGO\u00b4s und staatlichen Einrichtungen.<\/p>\n<p>Die Unterst\u00fctzung erfolgt durch<\/p>\n<ul>\n<li>Konzipierung und Umsetzung von Entwicklungsaufgaben und Forschungsvorhaben<\/li>\n<li>Durchf\u00fchrung von Recherchen<\/li>\n<li>Evaluierung von Projekten und Konzepten<\/li>\n<li>Aufbau von Netzwerken<\/li>\n<li>Durchf\u00fchrung von Versuchen in Labor, Technikum und Produktion<\/li>\n<li>Vorbereitung und Realisierung von Workshops, Seminaren, Tagungen und Konferenzen, Betreuung von Messest\u00e4nden und Ausstellungen<\/li>\n<li>Darstellung der Ergebnisse von Forschungs- und Entwicklungsprojekten<\/li>\n<\/ul>\n<p>Nutzung der Seifenanlage f\u00fcr Demonstrations-, Schulungs- und Werbema\u00dfnahmen (Lohnproduktion und Verleih)<\/p>\n","protected":false},"excerpt":{"rendered":"<p>Thomann-Consulting unterst\u00fctzt mit erworbenen Kenntnissen und Erfahrungen Erzeuger landwirtschaftlicher Produkte Verarbeiter pflanzlicher Rohstoffe besondere Schwerpunkte sind: Kr\u00e4uter, Gew\u00fcrze, Heilpflanzen Sonderkulturen, Wirkstoffpflanzen (z.B. Beeren, Inulinpflanzen, Leinsaat) Gewinnung und Nutzung \u00e4therischer \u00d6le Proteinpflanzen Getreide, Getreideprodukte, Cerealien, Getreideanalytik functional food Seifenherstellung Forschungs- und Entwicklungsabteilungen von Unternehmen, Instituten, Universit\u00e4ten und Hochschulen, NGO\u00b4s und staatlichen Einrichtungen. Die Unterst\u00fctzung erfolgt durch [&hellip;]<\/p>\n","protected":false},"author":1,"featured_media":0,"parent":0,"menu_order":2,"comment_status":"closed","ping_status":"closed","template":"","meta":{"hide_page_title":"","footnotes":""},"class_list":["post-43","page","type-page","status-publish","hentry"],"translation":{"provider":"WPGlobus","version":"3.0.2","language":"de","enabled_languages":["en","de"],"languages":{"en":{"title":true,"content":true,"excerpt":false},"de":{"title":true,"content":true,"excerpt":false}}},"_links":{"self":[{"href":"https:\/\/thomann-consulting.com\/de\/wp-json\/wp\/v2\/pages\/43","targetHints":{"allow":["GET"]}}],"collection":[{"href":"https:\/\/thomann-consulting.com\/de\/wp-json\/wp\/v2\/pages"}],"about":[{"href":"https:\/\/thomann-consulting.com\/de\/wp-json\/wp\/v2\/types\/page"}],"author":[{"embeddable":true,"href":"https:\/\/thomann-consulting.com\/de\/wp-json\/wp\/v2\/users\/1"}],"replies":[{"embeddable":true,"href":"https:\/\/thomann-consulting.com\/de\/wp-json\/wp\/v2\/comments?post=43"}],"version-history":[{"count":18,"href":"https:\/\/thomann-consulting.com\/de\/wp-json\/wp\/v2\/pages\/43\/revisions"}],"predecessor-version":[{"id":349,"href":"https:\/\/thomann-consulting.com\/de\/wp-json\/wp\/v2\/pages\/43\/revisions\/349"}],"wp:attachment":[{"href":"https:\/\/thomann-consulting.com\/de\/wp-json\/wp\/v2\/media?parent=43"}],"curies":[{"name":"wp","href":"https:\/\/api.w.org\/{rel}","templated":true}]}}