{"id":2,"date":"2015-10-09T18:27:27","date_gmt":"2015-10-09T16:27:27","guid":{"rendered":"http:\/\/thomann-consulting.com\/?page_id=2"},"modified":"2023-01-07T01:18:42","modified_gmt":"2023-01-07T00:18:42","slug":"home","status":"publish","type":"page","link":"https:\/\/thomann-consulting.com\/de\/","title":{"rendered":"Home"},"content":{"rendered":"<p>Willkommen auf der Homepage von Thomann-Consulting<\/p>\n<p>Mit Thomann-Consulting m\u00f6chte ich ein neues Kapitel der Aktivit\u00e4ten in meinem Leben beginnen.<br \/>\nBitte pr\u00fcfen Sie meine Referemzen und Kompetenzen und wenn Sie der Meinung sind, wir k\u00f6nnten gemeinsam etwas Erfolgversprechendes unternehmen, dann nehmen Sie bitte den Kontakt zu mir auf.<br \/>\nRalph Thomann<\/p>\n<p><a href=\"http:\/\/thomann-consulting.com\/wp-content\/uploads\/2016\/01\/Ralph-IGV-profess.jpg\" rel=\"attachment wp-att-68\"><img loading=\"lazy\" decoding=\"async\" class=\"alignnone wp-image-68\" src=\"http:\/\/thomann-consulting.com\/wp-content\/uploads\/2016\/01\/Ralph-IGV-profess-300x218.jpg\" alt=\"Ralph IGV profess\" width=\"171\" height=\"124\" \/><\/a><\/p>\n","protected":false},"excerpt":{"rendered":"<p>Willkommen auf der Homepage von Thomann-Consulting Mit Thomann-Consulting m\u00f6chte ich ein neues Kapitel der Aktivit\u00e4ten in meinem Leben beginnen. Bitte pr\u00fcfen Sie meine Referemzen und Kompetenzen und wenn Sie der Meinung sind, wir k\u00f6nnten gemeinsam etwas Erfolgversprechendes unternehmen, dann nehmen Sie bitte den Kontakt zu mir auf. Ralph Thomann<\/p>\n","protected":false},"author":1,"featured_media":0,"parent":0,"menu_order":0,"comment_status":"closed","ping_status":"closed","template":"","meta":{"hide_page_title":"","footnotes":""},"class_list":["post-2","page","type-page","status-publish","hentry"],"translation":{"provider":"WPGlobus","version":"3.0.2","language":"de","enabled_languages":["en","de"],"languages":{"en":{"title":true,"content":true,"excerpt":false},"de":{"title":true,"content":true,"excerpt":false}}},"_links":{"self":[{"href":"https:\/\/thomann-consulting.com\/de\/wp-json\/wp\/v2\/pages\/2","targetHints":{"allow":["GET"]}}],"collection":[{"href":"https:\/\/thomann-consulting.com\/de\/wp-json\/wp\/v2\/pages"}],"about":[{"href":"https:\/\/thomann-consulting.com\/de\/wp-json\/wp\/v2\/types\/page"}],"author":[{"embeddable":true,"href":"https:\/\/thomann-consulting.com\/de\/wp-json\/wp\/v2\/users\/1"}],"replies":[{"embeddable":true,"href":"https:\/\/thomann-consulting.com\/de\/wp-json\/wp\/v2\/comments?post=2"}],"version-history":[{"count":15,"href":"https:\/\/thomann-consulting.com\/de\/wp-json\/wp\/v2\/pages\/2\/revisions"}],"predecessor-version":[{"id":247,"href":"https:\/\/thomann-consulting.com\/de\/wp-json\/wp\/v2\/pages\/2\/revisions\/247"}],"wp:attachment":[{"href":"https:\/\/thomann-consulting.com\/de\/wp-json\/wp\/v2\/media?parent=2"}],"curies":[{"name":"wp","href":"https:\/\/api.w.org\/{rel}","templated":true}]}}