{"id":16,"date":"2015-10-10T14:11:59","date_gmt":"2015-10-10T14:11:59","guid":{"rendered":"http:\/\/thomann-consulting.com\/?page_id=16"},"modified":"2018-11-09T15:47:04","modified_gmt":"2018-11-09T15:47:04","slug":"about-us","status":"publish","type":"page","link":"https:\/\/thomann-consulting.com\/de\/about-us\/","title":{"rendered":"\u00dcber uns"},"content":{"rendered":"<p>Ralph Thomann arbeitet als freiberuflicher Experte in Deutschland und im Ausland.<\/p>\n<p>Von 1965 bis 1969 erlernte er den Beruf des Chemiefacharbeiters und wurde Seifensieder im Konsum Seifenwerk Riesa. Es folgte das Chemiestudium an der Universit\u00e4t Leipzig, das erfolgreich mit einer Diplomarbeit zur Synthese photosensibler heterocyclischer Aromaten abgeschlossen wurde. Eine Aspirantur am Lehrstuhl f\u00fcr organische Chemie der P\u00e4dagogischen Hochschule Potsdam zur Synthese neuartiger heterocyclischer Pflanzenschutzmittel wurde planm\u00e4\u00dfig 1973 mit dem Pr\u00e4dikat \u201emagna cum laude\u201c f\u00fcr die Promotion beendet.\u00a0 Ein Zusatzstudium f\u00fcr Dozenten an Fachhochschulen wurde erfolgreich beendet.<\/p>\n<p>Ralph Thomann war 39 Jahre in leitenden Funktionen eines national und international aktiven praxisnahen Forschungsinstitutes t\u00e4tig. Das Leistungsangebot spiegelt die Schwerpunkte seiner Arbeit in diesen Jahren wider.<\/p>\n<p>Seine kommerzielle und ehrenamtliche T\u00e4tigkeit als Berater beginnt mit Erreichen des 65. Lebensjahres.<\/p>\n","protected":false},"excerpt":{"rendered":"<p>Ralph Thomann arbeitet als freiberuflicher Experte in Deutschland und im Ausland. Von 1965 bis 1969 erlernte er den Beruf des Chemiefacharbeiters und wurde Seifensieder im Konsum Seifenwerk Riesa. Es folgte das Chemiestudium an der Universit\u00e4t Leipzig, das erfolgreich mit einer Diplomarbeit zur Synthese photosensibler heterocyclischer Aromaten abgeschlossen wurde. Eine Aspirantur am Lehrstuhl f\u00fcr organische Chemie [&hellip;]<\/p>\n","protected":false},"author":1,"featured_media":0,"parent":0,"menu_order":5,"comment_status":"closed","ping_status":"closed","template":"","meta":{"hide_page_title":"","footnotes":""},"class_list":["post-16","page","type-page","status-publish","hentry"],"translation":{"provider":"WPGlobus","version":"3.0.2","language":"de","enabled_languages":["en","de"],"languages":{"en":{"title":true,"content":true,"excerpt":false},"de":{"title":true,"content":true,"excerpt":false}}},"_links":{"self":[{"href":"https:\/\/thomann-consulting.com\/de\/wp-json\/wp\/v2\/pages\/16","targetHints":{"allow":["GET"]}}],"collection":[{"href":"https:\/\/thomann-consulting.com\/de\/wp-json\/wp\/v2\/pages"}],"about":[{"href":"https:\/\/thomann-consulting.com\/de\/wp-json\/wp\/v2\/types\/page"}],"author":[{"embeddable":true,"href":"https:\/\/thomann-consulting.com\/de\/wp-json\/wp\/v2\/users\/1"}],"replies":[{"embeddable":true,"href":"https:\/\/thomann-consulting.com\/de\/wp-json\/wp\/v2\/comments?post=16"}],"version-history":[{"count":9,"href":"https:\/\/thomann-consulting.com\/de\/wp-json\/wp\/v2\/pages\/16\/revisions"}],"predecessor-version":[{"id":350,"href":"https:\/\/thomann-consulting.com\/de\/wp-json\/wp\/v2\/pages\/16\/revisions\/350"}],"wp:attachment":[{"href":"https:\/\/thomann-consulting.com\/de\/wp-json\/wp\/v2\/media?parent=16"}],"curies":[{"name":"wp","href":"https:\/\/api.w.org\/{rel}","templated":true}]}}